{"id":454,"date":"2023-10-06T21:35:43","date_gmt":"2023-10-06T19:35:43","guid":{"rendered":"https:\/\/pensionkrone.de\/?page_id=454"},"modified":"2025-07-04T18:52:43","modified_gmt":"2025-07-04T16:52:43","slug":"infomappe-guestinfo","status":"publish","type":"page","link":"https:\/\/pensionkrone.de\/en\/datenschutzerklaerung\/infomappe-guestinfo\/","title":{"rendered":"Infomappe\/guestinfo"},"content":{"rendered":"\n<ul class=\"wp-block-list\">\n<li><strong><u>Hier erhalten Sie wichtige Infos zu unserem Hotel!<\/u><\/strong><\/li>\n\n\n\n<li>Anreisezeit ab 17 Uhr (regul\u00e4r) und Abreisezeit 10.30 Uhr andere Zeiten gegen Aufpreis m\u00f6glich.<\/li>\n\n\n\n<li><strong>Internetzugang<\/strong>:&nbsp; PensionKroneHotspot&nbsp;&nbsp;&nbsp;&nbsp;&nbsp;&nbsp; PW:&nbsp; krone2017<\/li>\n\n\n\n<li><strong>Parken:<\/strong> Parkpl\u00e4tze an der Stra\u00dfe (kostenfrei) bitte die Parkzeiten beachten 9-18 Uhr bitte mit Parkscheibe. Einen Gro\u00dfparkplatz finden Sie in der Gredinger Str. f\u00fcr Bus und Klein-LKW.<\/li>\n\n\n\n<li>Sie k\u00f6nnen auch auf unserem Hof einen Stellplatz a 5 Euro reservieren.<\/li>\n\n\n\n<li>Einen Schl\u00fcssel f\u00fcr den <strong>Fahrradraum<\/strong> erhalten Sie von uns an der Rezeption.<\/li>\n\n\n\n<li><strong>Getr\u00e4nke\/Minibar<\/strong>&nbsp; finden Sie im Treppenhaus neben der Rezeption, Preisliste liegt aus!<\/li>\n\n\n\n<li>Fr\u00fchst\u00fcck bekommen sie mit Reservierung bei Hotel Johanns&nbsp; <a href=\"https:\/\/www.tripadvisor.de\/Restaurant_Review-g651791-d21347544-Reviews-Lokal_Hilpoltstein-Hilpoltstein_Middle_Franconia_Franconia_Bavaria.html\">Lokal Hilpoltstein<\/a><\/li>\n\n\n\n<li>Cafe&nbsp;Grimm&nbsp;und das H\u00f6rcafe am Marktplatz fu\u00dfl\u00e4ufig<\/li>\n\n\n\n<li>Ein paar Meter mehr haben Sie zur B\u00e4ckerei Plank Altstadtring oder B\u00e4ckereicafe Schmidt in der Allersberger Str.<\/li>\n\n\n\n<li><strong>M\u00fcll:<\/strong>&nbsp; im Hof vor dem Holzh\u00e4uschen finden Sie in der Betonbox mit den silbernen T\u00fcren den Restm\u00fcll.<\/li>\n\n\n\n<li>&nbsp;Zum M\u00fcll trennen (Papier, Plastik, Altglas und Biom\u00fcll) finden Sie die Boxen im Holzh\u00e4uschen.<\/li>\n\n\n\n<li><strong>Lobby\/K\u00fcchenzeile<\/strong>: bei der Rezeption hinter der Glast\u00fcr befindet sich unsere Lobby mit einer kleinen K\u00fcchenzeile. Sie finden hier eine Mikrowelle, Wasserkocher, K\u00fchlschrank (evtl. den Inhalt beschriften oder in eine eigenen Box legen) Besteck, Geschirr und Gl\u00e4ser f\u00fcr die Allgemeinheit.<\/li>\n\n\n\n<li><strong>Rauchen:<\/strong> Alle Zimmer sind <strong>Nichtraucherzimmer<\/strong>, bei nicht Beachtung berechnen wir eine Geb\u00fchr von 150 Euro und beenden mit sofortiger Wirkung das Mietverh\u00e4ltnis! &nbsp;Wir gestatten das Rauchen auf unserem Balkon, oder im Winter im Hof unter dem Balkon im Sommer auf der Betonfl\u00e4che mit den Gartentisch gegen\u00fcber! Bitte nehmen Sie R\u00fccksicht auf die anderen G\u00e4ste.<\/li>\n\n\n\n<li><strong>Hygiene Artikel<\/strong>: Sie haben etwas vergessen, fragen Sie uns bitte danach wir haben die wichtigen Dinge im Haus.<\/li>\n\n\n\n<li>Bargeldversorgung: gegen\u00fcber befindet sich die VR Bank rechts vom Haus ca. 100 m eine Sparkasse<\/li>\n\n\n\n<li>Superm\u00e4rkte wir haben in Hilpoltstein zahlreiche Superm\u00e4rkte einige auch fu\u00dfl\u00e4ufig entfernt (Netto und Norma)<\/li>\n<\/ul>\n\n\n\n<p>HINWEIS gerne k\u00f6nnen Sie Zimmer auch f\u00fcr nur 1 Nacht buchen, jedoch nicht \u00fcber die bekannten Onlineportale (zu hohe Geb\u00fchren) deshalb gerne per Mail oder Whatsapp anfragen. Bezahlung durch \u00dcberweisung oder auch Paypal m\u00f6glich!!<\/p>\n","protected":false},"excerpt":{"rendered":"<p>HINWEIS gerne k\u00f6nnen Sie Zimmer auch f\u00fcr nur 1 Nacht buchen, jedoch nicht \u00fcber die [&hellip;]<\/p>\n","protected":false},"author":2,"featured_media":0,"parent":236,"menu_order":0,"comment_status":"closed","ping_status":"closed","template":"","meta":{"footnotes":""},"class_list":["post-454","page","type-page","status-publish","hentry"],"_links":{"self":[{"href":"https:\/\/pensionkrone.de\/en\/wp-json\/wp\/v2\/pages\/454","targetHints":{"allow":["GET"]}}],"collection":[{"href":"https:\/\/pensionkrone.de\/en\/wp-json\/wp\/v2\/pages"}],"about":[{"href":"https:\/\/pensionkrone.de\/en\/wp-json\/wp\/v2\/types\/page"}],"author":[{"embeddable":true,"href":"https:\/\/pensionkrone.de\/en\/wp-json\/wp\/v2\/users\/2"}],"replies":[{"embeddable":true,"href":"https:\/\/pensionkrone.de\/en\/wp-json\/wp\/v2\/comments?post=454"}],"version-history":[{"count":7,"href":"https:\/\/pensionkrone.de\/en\/wp-json\/wp\/v2\/pages\/454\/revisions"}],"predecessor-version":[{"id":537,"href":"https:\/\/pensionkrone.de\/en\/wp-json\/wp\/v2\/pages\/454\/revisions\/537"}],"up":[{"embeddable":true,"href":"https:\/\/pensionkrone.de\/en\/wp-json\/wp\/v2\/pages\/236"}],"wp:attachment":[{"href":"https:\/\/pensionkrone.de\/en\/wp-json\/wp\/v2\/media?parent=454"}],"curies":[{"name":"wp","href":"https:\/\/api.w.org\/{rel}","templated":true}]}}