{"id":236,"date":"2019-08-27T09:57:35","date_gmt":"2019-08-27T07:57:35","guid":{"rendered":"http:\/\/pensionkrone.jwebspace.de\/?page_id=236"},"modified":"2019-08-27T09:57:36","modified_gmt":"2019-08-27T07:57:36","slug":"datenschutzerklaerung","status":"publish","type":"page","link":"https:\/\/pensionkrone.de\/en\/datenschutzerklaerung\/","title":{"rendered":"Datenschutzerkl\u00e4rung"},"content":{"rendered":"\n<p>Wir freuen uns \u00fcber Ihr Interesse an unserer Website. Der Schutz Ihrer Privatsph\u00e4re ist f\u00fcr uns sehr wichtig. Nachstehend informieren wir Sie ausf\u00fchrlich \u00fcber den Umgang mit Ihren Daten.<\/p>\n\n\n\n<h2 class=\"wp-block-heading\">Erhebung, Verarbeitung und Nutzung personenbezogener Daten<\/h2>\n\n\n\n<p>Sie k\u00f6nnen unsere Seite besuchen, ohne Angaben zu Ihrer Person zu machen. Wir speichern lediglich statistische Zugriffsdaten ohne Personenbezug wie z.B. die Seite, von der aus Sie uns besuchen oder den Namen der angeforderten Datei. Diese Daten werden ausschlie\u00dflich zur Verbesserung unseres Angebotes ausgewertet und erlauben keinen R\u00fcckschluss auf Ihre Person. IP-Adressen werden nur anonymisiert gespeichert.<\/p>\n\n\n\n<p>Personenbezogene Daten werden nur erhoben, wenn Sie uns diese z.B. im Rahmen einer Kontaktanfrage o.\u00e4. freiwillig mitteilen. Wir verwenden die von ihnen mitgeteilten Daten ohne Ihre gesonderte Einwilligung ausschlie\u00dflich zur Erf\u00fcllung und Abwicklung Ihrer Anfrage.<\/p>\n\n\n\n<h3 class=\"wp-block-heading\">Cookies<\/h3>\n\n\n\n<p>Cookies werden nur zur Vereinfachung des Angebots verwendet, z.B. wird dort die von Ihnen eingestellte Sprache gespeichert. Personenbezogene Daten werden nicht in Cookies gespeichert<\/p>\n\n\n\n<h3 class=\"wp-block-heading\">Eingebettete Inhalte von anderen Websites<\/h3>\n\n\n\n<p>Beitr\u00e4ge auf dieser Website k\u00f6nnen eingebettete Inhalte beinhalten (z.&nbsp;B. Videos, Bilder, Beitr\u00e4ge etc.). Eingebettete Inhalte von anderen Websites verhalten sich exakt so, als ob der Besucher die andere Website besucht h\u00e4tte.<\/p>\n\n\n\n<p>Diese Websites k\u00f6nnen Daten \u00fcber dich sammeln, Cookies benutzen, zus\u00e4tzliche Tracking-Dienste von Dritten einbetten und deine Interaktion mit diesem eingebetteten Inhalt aufzeichnen, inklusive deiner Interaktion mit dem eingebetteten Inhalt, falls du ein Konto hast und auf dieser Website angemeldet bist.<\/p>\n\n\n\n<h3 class=\"wp-block-heading\" id=\"weitergabe-personenbezogener-daten\">Weitergabe personenbezogener Daten<\/h3>\n\n\n\n<p>Eine Weitergabe Ihrer Daten an Dritte ohne Ihre ausdr\u00fcckliche Zustimmung erfolgt grunds\u00e4tzlich nicht.<\/p>\n\n\n\n<h3 class=\"wp-block-heading\" id=\"auskunftsrecht\">Auskunftsrecht<\/h3>\n\n\n\n<p>Nach dem Bundesdatenschutzgesetz haben Sie ein Recht auf unentgeltliche Auskunft \u00fcber Ihre gespeicherten Daten sowie ggf. ein Recht auf Berichtigung, Sperrung oder L\u00f6schung dieser Daten.<\/p>\n\n\n\n<h3 class=\"wp-block-heading\" id=\"datensicherheit\">Datensicherheit<\/h3>\n\n\n\n<p>Alle Verbindungen zu dieser Webseite sind via SSL Zertifikat verschl\u00fcsselt. Ihre personenbezogenen Daten k\u00f6nnen im Rahmen des Absendens einer E-Mail an uns ggf. unverschl\u00fcsselt \u00fcber das Internet \u00fcbertragen werden. Eine eventuelle Manipulation dieser Daten ist hierbei nicht auszuschlie\u00dfen. Wir sichern unsere Website und sonstigen Systeme durch technische und organisatorische Ma\u00dfnahmen gegen Verlust, Zerst\u00f6rung, Zugriff, Ver\u00e4nderung oder Verbreitung Ihrer Daten durch unbefugte Personen.<\/p>\n\n\n\n<h3 class=\"wp-block-heading\" id=\"datenschutzverletzungen\">Datenschutzverletzungen<\/h3>\n\n\n\n<p>Im Falle einer Datenschutzverletzung werden wir unverz\u00fcglich den gesetzlich vorgeschriebenen Informationspflichten nachkommen.<\/p>\n\n\n\n<h3 class=\"wp-block-heading\" id=\"fragen-zum-datenschutz\">Fragen zum Datenschutz<\/h3>\n\n\n\n<p>Bei Fragen zur Erhebung, Verarbeitung oder Nutzung Ihrer personenbezogenen Daten, bei Ausk\u00fcnften, Berichtigung, Sperrung oder L\u00f6schung von Daten sowie Widerruf erteilter Einwilligungen wenden Sie sich bitte per E-Mail an: info@pensionkrone.de\u00a0<br><\/p>\n","protected":false},"excerpt":{"rendered":"<p>Wir freuen uns \u00fcber Ihr Interesse an unserer Website. Der Schutz Ihrer Privatsph\u00e4re ist f\u00fcr [&hellip;]<\/p>\n","protected":false},"author":1,"featured_media":0,"parent":0,"menu_order":0,"comment_status":"closed","ping_status":"closed","template":"","meta":{"footnotes":""},"class_list":["post-236","page","type-page","status-publish","hentry"],"_links":{"self":[{"href":"https:\/\/pensionkrone.de\/en\/wp-json\/wp\/v2\/pages\/236","targetHints":{"allow":["GET"]}}],"collection":[{"href":"https:\/\/pensionkrone.de\/en\/wp-json\/wp\/v2\/pages"}],"about":[{"href":"https:\/\/pensionkrone.de\/en\/wp-json\/wp\/v2\/types\/page"}],"author":[{"embeddable":true,"href":"https:\/\/pensionkrone.de\/en\/wp-json\/wp\/v2\/users\/1"}],"replies":[{"embeddable":true,"href":"https:\/\/pensionkrone.de\/en\/wp-json\/wp\/v2\/comments?post=236"}],"version-history":[{"count":1,"href":"https:\/\/pensionkrone.de\/en\/wp-json\/wp\/v2\/pages\/236\/revisions"}],"predecessor-version":[{"id":237,"href":"https:\/\/pensionkrone.de\/en\/wp-json\/wp\/v2\/pages\/236\/revisions\/237"}],"wp:attachment":[{"href":"https:\/\/pensionkrone.de\/en\/wp-json\/wp\/v2\/media?parent=236"}],"curies":[{"name":"wp","href":"https:\/\/api.w.org\/{rel}","templated":true}]}}